{"id":1767,"date":"2023-09-18T10:27:53","date_gmt":"2023-09-18T08:27:53","guid":{"rendered":"https:\/\/ainavalles.com\/sobre-mi\/"},"modified":"2024-11-11T15:46:26","modified_gmt":"2024-11-11T13:46:26","slug":"sobre-mi","status":"publish","type":"page","link":"https:\/\/ainavalles.com\/ca\/sobre-mi\/","title":{"rendered":"Sobre jo"},"content":{"rendered":"\t\t<div data-elementor-type=\"wp-page\" data-elementor-id=\"1767\" class=\"elementor elementor-1767 elementor-129\" data-elementor-post-type=\"page\">\n\t\t\t\t<div class=\"elementor-element elementor-element-8e90285 e-con-full e-flex e-con e-parent\" data-id=\"8e90285\" data-element_type=\"container\" data-settings=\"{&quot;background_background&quot;:&quot;classic&quot;}\">\n\t\t\t\t<div class=\"elementor-element elementor-element-4022b15 elementor-widget__width-inherit elementor-widget elementor-widget-heading\" data-id=\"4022b15\" data-element_type=\"widget\" data-widget_type=\"heading.default\">\n\t\t\t\t<div class=\"elementor-widget-container\">\n\t\t\t<h1 class=\"elementor-heading-title elementor-size-default\">Hola, soc n'Aina Vall\u00e9s <\/h1>\t\t<\/div>\n\t\t\t\t<\/div>\n\t\t\t\t<div class=\"elementor-element elementor-element-0514af9 elementor-widget__width-inherit elementor-widget elementor-widget-text-editor\" data-id=\"0514af9\" data-element_type=\"widget\" data-widget_type=\"text-editor.default\">\n\t\t\t\t<div class=\"elementor-widget-container\">\n\t\t\t\t\t\t\t<p>Vaig estudiar disseny d&#8217;interiors i soc especialista en mobles que t&#8217;ajuden a guanyar espai i ordre.<\/p>\t\t\t\t\t\t<\/div>\n\t\t\t\t<\/div>\n\t\t\t\t<div class=\"elementor-element elementor-element-b794c5e elementor-absolute elementor-view-default elementor-widget elementor-widget-icon\" data-id=\"b794c5e\" data-element_type=\"widget\" data-settings=\"{&quot;_position&quot;:&quot;absolute&quot;}\" data-widget_type=\"icon.default\">\n\t\t\t\t<div class=\"elementor-widget-container\">\n\t\t\t\t\t<div class=\"elementor-icon-wrapper\">\n\t\t\t<a class=\"elementor-icon\" href=\"#contenidoweb\">\n\t\t\t<i aria-hidden=\"true\" class=\"icon icon-arrow-down\"><\/i>\t\t\t<\/a>\n\t\t<\/div>\n\t\t\t\t<\/div>\n\t\t\t\t<\/div>\n\t\t\t\t<div class=\"elementor-element elementor-element-acf0043 pidecita elementor-widget elementor-widget-image\" data-id=\"acf0043\" data-element_type=\"widget\" data-widget_type=\"image.default\">\n\t\t\t\t<div class=\"elementor-widget-container\">\n\t\t\t\t\t\t\t\t\t\t\t\t\t<img decoding=\"async\" width=\"217\" height=\"217\" src=\"https:\/\/ainavalles.com\/wp-content\/uploads\/2024\/11\/PIDE-CITA-AINA-VALLES-CAT-1.svg\" class=\"attachment-large size-large wp-image-2143\" alt=\"\" \/>\t\t\t\t\t\t\t\t\t\t\t\t\t<\/div>\n\t\t\t\t<\/div>\n\t\t\t\t<div class=\"elementor-element elementor-element-2804926 pidecitalogo elementor-widget elementor-widget-image\" data-id=\"2804926\" data-element_type=\"widget\" data-widget_type=\"image.default\">\n\t\t\t\t<div class=\"elementor-widget-container\">\n\t\t\t\t\t\t\t\t\t\t\t\t\t\t<a href=\"https:\/\/ainavalles.com\/ca\/contacte\/\">\n\t\t\t\t\t\t\t<img decoding=\"async\" width=\"217\" height=\"217\" src=\"https:\/\/ainavalles.com\/wp-content\/uploads\/2023\/09\/PIDE-CITA-AINA-VALLES-logo.svg\" class=\"attachment-large size-large wp-image-1832\" alt=\"\" \/>\t\t\t\t\t\t\t\t<\/a>\n\t\t\t\t\t\t\t\t\t\t\t\t\t<\/div>\n\t\t\t\t<\/div>\n\t\t\t\t<\/div>\n\t\t<div class=\"elementor-element elementor-element-94ed596 e-con-full e-flex e-con e-parent\" data-id=\"94ed596\" data-element_type=\"container\" id=\"contenidoweb\">\n\t\t<div class=\"elementor-element elementor-element-da97534 e-flex e-con-boxed e-con e-child\" data-id=\"da97534\" data-element_type=\"container\">\n\t\t\t\t\t<div class=\"e-con-inner\">\n\t\t<div class=\"elementor-element elementor-element-b29dadc e-con-full e-flex e-con e-child\" data-id=\"b29dadc\" data-element_type=\"container\">\n\t\t<div class=\"elementor-element elementor-element-936e23a e-con-full elementor-hidden-tablet elementor-hidden-mobile e-flex e-con e-child\" data-id=\"936e23a\" data-element_type=\"container\" data-settings=\"{&quot;background_background&quot;:&quot;classic&quot;}\">\n\t\t\t\t<div class=\"elementor-element elementor-element-3c077c3 elementor-widget elementor-widget-spacer\" data-id=\"3c077c3\" data-element_type=\"widget\" data-widget_type=\"spacer.default\">\n\t\t\t\t<div class=\"elementor-widget-container\">\n\t\t\t\t\t<div class=\"elementor-spacer\">\n\t\t\t<div class=\"elementor-spacer-inner\"><\/div>\n\t\t<\/div>\n\t\t\t\t<\/div>\n\t\t\t\t<\/div>\n\t\t\t\t<div class=\"elementor-element elementor-element-e5cffa9 elementor-widget elementor-widget-spacer\" data-id=\"e5cffa9\" data-element_type=\"widget\" data-widget_type=\"spacer.default\">\n\t\t\t\t<div class=\"elementor-widget-container\">\n\t\t\t\t\t<div class=\"elementor-spacer\">\n\t\t\t<div class=\"elementor-spacer-inner\"><\/div>\n\t\t<\/div>\n\t\t\t\t<\/div>\n\t\t\t\t<\/div>\n\t\t\t\t<\/div>\n\t\t\t\t<div class=\"elementor-element elementor-element-275919f elementor-widget elementor-widget-heading\" data-id=\"275919f\" data-element_type=\"widget\" data-widget_type=\"heading.default\">\n\t\t\t\t<div class=\"elementor-widget-container\">\n\t\t\t<h2 class=\"elementor-heading-title elementor-size-default\"> La import\u00e0ncia de la finalitat de cada espai per a gaudir la nostra llar<\/h2>\t\t<\/div>\n\t\t\t\t<\/div>\n\t\t\t\t<div class=\"elementor-element elementor-element-8ec22a9 elementor-widget elementor-widget-text-editor\" data-id=\"8ec22a9\" data-element_type=\"widget\" data-widget_type=\"text-editor.default\">\n\t\t\t\t<div class=\"elementor-widget-container\">\n\t\t\t\t\t\t\t<p>La meva experi\u00e8ncia laboral en diverses empreses ha fet que aprengu\u00e9s molt sobre materials i les diferents maneres en les quals aquests es poden aplicar. Aix\u00f2 \u00e9s per a mi una part molt important a tenir en compte a cada projecte.<\/p>\t\t\t\t\t\t<\/div>\n\t\t\t\t<\/div>\n\t\t\t\t<\/div>\n\t\t<div class=\"elementor-element elementor-element-272336d e-con-full e-flex e-con e-child\" data-id=\"272336d\" data-element_type=\"container\">\n\t\t\t\t<div class=\"elementor-element elementor-element-5f4bdf4 elementor-widget elementor-widget-spacer\" data-id=\"5f4bdf4\" data-element_type=\"widget\" data-widget_type=\"spacer.default\">\n\t\t\t\t<div class=\"elementor-widget-container\">\n\t\t\t\t\t<div class=\"elementor-spacer\">\n\t\t\t<div class=\"elementor-spacer-inner\"><\/div>\n\t\t<\/div>\n\t\t\t\t<\/div>\n\t\t\t\t<\/div>\n\t\t\t\t<div class=\"elementor-element elementor-element-3160dc9 elementor-widget elementor-widget-heading\" data-id=\"3160dc9\" data-element_type=\"widget\" data-widget_type=\"heading.default\">\n\t\t\t\t<div class=\"elementor-widget-container\">\n\t\t\t<h2 class=\"elementor-heading-title elementor-size-default\">Vols trobar mobles que t'ajudin a guanyar amplitud a casa a m\u00e9s de facilitar la seva organitzaci\u00f3? Est\u00e0s a la web correcta, segur que farem un bon equip.<\/h2>\t\t<\/div>\n\t\t\t\t<\/div>\n\t\t\t\t<div class=\"elementor-element elementor-element-938b11f elementor-widget elementor-widget-text-editor\" data-id=\"938b11f\" data-element_type=\"widget\" data-widget_type=\"text-editor.default\">\n\t\t\t\t<div class=\"elementor-widget-container\">\n\t\t\t\t\t\t\t<p>Ja de petita era molt creativa (per\u00f2 mai vaig ser ordenada). Quan vaig estudiar disseny d&#8217;interiors em vaig adonar que si ordenava les diferents zones de la casa guanyaria molt espai. Actualment, visc amb la meva fam\u00edlia a una casa petita i ara m\u00e9s que mai aplic el que s\u00e9 per a poder gaudir de m\u00e9s lloc i disposar d&#8217;una llar ordenada i \u00e0mplia.<\/p><p>El 2012 vaig comen\u00e7ar a treballar com a interiorista i el cam\u00ed em va portar a especialitzar-me amb el disseny, fabricaci\u00f3 i instal\u00b7laci\u00f3 de mobles a mida com cuines, armaris, vestidors i tota mena de moble amb sistema modular a mida. Ha estat una \u00e0rea en la qual he apr\u00e8s molt, ja que he dissenyat diferents estructures, la qual cosa va fer que m&#8217;adon\u00e9s que \u00e9s molt important per a un bon disseny d&#8217;interiors abastar l&#8217;habitatge complet, pensant en cada espai de magatzematge i la seva finalitat.<\/p>\t\t\t\t\t\t<\/div>\n\t\t\t\t<\/div>\n\t\t\t\t<div class=\"elementor-element elementor-element-a735dc0 elementor-widget elementor-widget-spacer\" data-id=\"a735dc0\" data-element_type=\"widget\" data-widget_type=\"spacer.default\">\n\t\t\t\t<div class=\"elementor-widget-container\">\n\t\t\t\t\t<div class=\"elementor-spacer\">\n\t\t\t<div class=\"elementor-spacer-inner\"><\/div>\n\t\t<\/div>\n\t\t\t\t<\/div>\n\t\t\t\t<\/div>\n\t\t<div class=\"elementor-element elementor-element-7f31289 e-con-full e-flex e-con e-child\" data-id=\"7f31289\" data-element_type=\"container\" data-settings=\"{&quot;background_background&quot;:&quot;classic&quot;}\">\n\t\t\t\t<div class=\"elementor-element elementor-element-a4c8a2f elementor-widget elementor-widget-spacer\" data-id=\"a4c8a2f\" data-element_type=\"widget\" data-widget_type=\"spacer.default\">\n\t\t\t\t<div class=\"elementor-widget-container\">\n\t\t\t\t\t<div class=\"elementor-spacer\">\n\t\t\t<div class=\"elementor-spacer-inner\"><\/div>\n\t\t<\/div>\n\t\t\t\t<\/div>\n\t\t\t\t<\/div>\n\t\t\t\t<div class=\"elementor-element elementor-element-b87a244 elementor-widget elementor-widget-spacer\" data-id=\"b87a244\" data-element_type=\"widget\" data-widget_type=\"spacer.default\">\n\t\t\t\t<div class=\"elementor-widget-container\">\n\t\t\t\t\t<div class=\"elementor-spacer\">\n\t\t\t<div class=\"elementor-spacer-inner\"><\/div>\n\t\t<\/div>\n\t\t\t\t<\/div>\n\t\t\t\t<\/div>\n\t\t\t\t<\/div>\n\t\t\t\t<\/div>\n\t\t\t\t\t<\/div>\n\t\t\t\t<\/div>\n\t\t\t\t<\/div>\n\t\t<div class=\"elementor-element elementor-element-32cbdf1 e-con-full e-flex e-con e-parent\" data-id=\"32cbdf1\" data-element_type=\"container\" data-settings=\"{&quot;background_background&quot;:&quot;classic&quot;}\">\n\t\t\t\t<div class=\"elementor-element elementor-element-87caecc elementor-widget__width-inherit elementor-widget elementor-widget-heading\" data-id=\"87caecc\" data-element_type=\"widget\" data-widget_type=\"heading.default\">\n\t\t\t\t<div class=\"elementor-widget-container\">\n\t\t\t<div class=\"elementor-heading-title elementor-size-default\">\u00bfTe gustar\u00eda trabajar conmigo el proyecto de tu casa?<\/div>\t\t<\/div>\n\t\t\t\t<\/div>\n\t\t\t\t<div class=\"elementor-element elementor-element-d01820b elementor-align-center elementor-widget__width-inherit elementor-widget elementor-widget-button\" data-id=\"d01820b\" data-element_type=\"widget\" data-widget_type=\"button.default\">\n\t\t\t\t<div class=\"elementor-widget-container\">\n\t\t\t\t\t\t\t<div class=\"elementor-button-wrapper\">\n\t\t\t\t\t<a class=\"elementor-button elementor-button-link elementor-size-sm\" href=\"https:\/\/ainavalles.com\/contacto\/\">\n\t\t\t\t\t\t<span class=\"elementor-button-content-wrapper\">\n\t\t\t\t\t\t\t\t\t<span class=\"elementor-button-text\">contacta conmigo<\/span>\n\t\t\t\t\t<\/span>\n\t\t\t\t\t<\/a>\n\t\t\t\t<\/div>\n\t\t\t\t\t\t<\/div>\n\t\t\t\t<\/div>\n\t\t\t\t<div class=\"elementor-element elementor-element-d454666 elementor-widget elementor-widget-spacer\" data-id=\"d454666\" data-element_type=\"widget\" data-widget_type=\"spacer.default\">\n\t\t\t\t<div class=\"elementor-widget-container\">\n\t\t\t\t\t<div class=\"elementor-spacer\">\n\t\t\t<div class=\"elementor-spacer-inner\"><\/div>\n\t\t<\/div>\n\t\t\t\t<\/div>\n\t\t\t\t<\/div>\n\t\t\t\t<\/div>\n\t\t\t\t<\/div>\n\t\t","protected":false},"excerpt":{"rendered":"<p>Hola, soc n&#8217;Aina Vall\u00e9s Vaig estudiar disseny d&#8217;interiors i soc especialista en mobles que t&#8217;ajuden a guanyar espai i ordre. La import\u00e0ncia de la finalitat de cada espai per a gaudir la nostra llar La meva experi\u00e8ncia laboral en diverses empreses ha fet que aprengu\u00e9s molt sobre materials i les diferents maneres en les quals [&hellip;]<\/p>\n","protected":false},"author":1,"featured_media":0,"parent":0,"menu_order":0,"comment_status":"closed","ping_status":"closed","template":"elementor_header_footer","meta":{"_acf_changed":false,"footnotes":""},"class_list":["post-1767","page","type-page","status-publish","hentry"],"acf":[],"yoast_head":"<!-- This site is optimized with the Yoast SEO plugin v26.8 - https:\/\/yoast.com\/product\/yoast-seo-wordpress\/ -->\n<title>Dissenyadora en distribucio interior, ordre de cases | AINA VALL\u00c9S<\/title>\n<meta name=\"robots\" content=\"index, follow, max-snippet:-1, max-image-preview:large, max-video-preview:-1\" \/>\n<link rel=\"canonical\" href=\"https:\/\/ainavalles.com\/ca\/sobre-mi\/\" \/>\n<meta property=\"og:locale\" content=\"ca_ES\" \/>\n<meta property=\"og:type\" content=\"article\" \/>\n<meta property=\"og:title\" content=\"Dissenyadora en distribucio interior, ordre de cases | AINA VALL\u00c9S\" \/>\n<meta property=\"og:description\" content=\"Hola, soc n&#8217;Aina Vall\u00e9s Vaig estudiar disseny d&#8217;interiors i soc especialista en mobles que t&#8217;ajuden a guanyar espai i ordre. La import\u00e0ncia de la finalitat de cada espai per a gaudir la nostra llar La meva experi\u00e8ncia laboral en diverses empreses ha fet que aprengu\u00e9s molt sobre materials i les diferents maneres en les quals [&hellip;]\" \/>\n<meta property=\"og:url\" content=\"https:\/\/ainavalles.com\/ca\/sobre-mi\/\" \/>\n<meta property=\"og:site_name\" content=\"Aina Vall\u00e8s\" \/>\n<meta property=\"article:publisher\" content=\"https:\/\/www.facebook.com\/people\/Aina-Valls\/100090582199736\/\" \/>\n<meta property=\"article:modified_time\" content=\"2024-11-11T13:46:26+00:00\" \/>\n<meta name=\"twitter:card\" content=\"summary_large_image\" \/>\n<meta name=\"twitter:label1\" content=\"Temps estimat de lectura\" \/>\n\t<meta name=\"twitter:data1\" content=\"2 minuts\" \/>\n<script type=\"application\/ld+json\" class=\"yoast-schema-graph\">{\"@context\":\"https:\/\/schema.org\",\"@graph\":[{\"@type\":\"WebPage\",\"@id\":\"https:\/\/ainavalles.com\/ca\/sobre-mi\/\",\"url\":\"https:\/\/ainavalles.com\/ca\/sobre-mi\/\",\"name\":\"Dissenyadora en distribucio interior, ordre de cases | AINA VALL\u00c9S\",\"isPartOf\":{\"@id\":\"https:\/\/ainavalles.com\/#website\"},\"primaryImageOfPage\":{\"@id\":\"https:\/\/ainavalles.com\/ca\/sobre-mi\/#primaryimage\"},\"image\":{\"@id\":\"https:\/\/ainavalles.com\/ca\/sobre-mi\/#primaryimage\"},\"thumbnailUrl\":\"https:\/\/ainavalles.com\/wp-content\/uploads\/2024\/11\/PIDE-CITA-AINA-VALLES-CAT-1.svg\",\"datePublished\":\"2023-09-18T08:27:53+00:00\",\"dateModified\":\"2024-11-11T13:46:26+00:00\",\"breadcrumb\":{\"@id\":\"https:\/\/ainavalles.com\/ca\/sobre-mi\/#breadcrumb\"},\"inLanguage\":\"ca\",\"potentialAction\":[{\"@type\":\"ReadAction\",\"target\":[\"https:\/\/ainavalles.com\/ca\/sobre-mi\/\"]}]},{\"@type\":\"ImageObject\",\"inLanguage\":\"ca\",\"@id\":\"https:\/\/ainavalles.com\/ca\/sobre-mi\/#primaryimage\",\"url\":\"https:\/\/ainavalles.com\/wp-content\/uploads\/2024\/11\/PIDE-CITA-AINA-VALLES-CAT-1.svg\",\"contentUrl\":\"https:\/\/ainavalles.com\/wp-content\/uploads\/2024\/11\/PIDE-CITA-AINA-VALLES-CAT-1.svg\"},{\"@type\":\"BreadcrumbList\",\"@id\":\"https:\/\/ainavalles.com\/ca\/sobre-mi\/#breadcrumb\",\"itemListElement\":[{\"@type\":\"ListItem\",\"position\":1,\"name\":\"Portada\",\"item\":\"https:\/\/ainavalles.com\/\"},{\"@type\":\"ListItem\",\"position\":2,\"name\":\"Sobre jo\"}]},{\"@type\":\"WebSite\",\"@id\":\"https:\/\/ainavalles.com\/#website\",\"url\":\"https:\/\/ainavalles.com\/\",\"name\":\"Aina Vall\u00e8s\",\"description\":\"Interiorismo en Mallorca\",\"publisher\":{\"@id\":\"https:\/\/ainavalles.com\/#organization\"},\"potentialAction\":[{\"@type\":\"SearchAction\",\"target\":{\"@type\":\"EntryPoint\",\"urlTemplate\":\"https:\/\/ainavalles.com\/?s={search_term_string}\"},\"query-input\":{\"@type\":\"PropertyValueSpecification\",\"valueRequired\":true,\"valueName\":\"search_term_string\"}}],\"inLanguage\":\"ca\"},{\"@type\":\"Organization\",\"@id\":\"https:\/\/ainavalles.com\/#organization\",\"name\":\"Aina Vall\u00e8s\",\"url\":\"https:\/\/ainavalles.com\/\",\"logo\":{\"@type\":\"ImageObject\",\"inLanguage\":\"ca\",\"@id\":\"https:\/\/ainavalles.com\/#\/schema\/logo\/image\/\",\"url\":\"https:\/\/ainavalles.com\/wp-content\/uploads\/2023\/09\/logo.svg\",\"contentUrl\":\"https:\/\/ainavalles.com\/wp-content\/uploads\/2023\/09\/logo.svg\",\"width\":300,\"height\":244,\"caption\":\"Aina Vall\u00e8s\"},\"image\":{\"@id\":\"https:\/\/ainavalles.com\/#\/schema\/logo\/image\/\"},\"sameAs\":[\"https:\/\/www.facebook.com\/people\/Aina-Valls\/100090582199736\/\",\"https:\/\/www.instagram.com\/aina_valles\/\"]}]}<\/script>\n<!-- \/ Yoast SEO plugin. -->","yoast_head_json":{"title":"Dissenyadora en distribucio interior, ordre de cases | AINA VALL\u00c9S","robots":{"index":"index","follow":"follow","max-snippet":"max-snippet:-1","max-image-preview":"max-image-preview:large","max-video-preview":"max-video-preview:-1"},"canonical":"https:\/\/ainavalles.com\/ca\/sobre-mi\/","og_locale":"ca_ES","og_type":"article","og_title":"Dissenyadora en distribucio interior, ordre de cases | AINA VALL\u00c9S","og_description":"Hola, soc n&#8217;Aina Vall\u00e9s Vaig estudiar disseny d&#8217;interiors i soc especialista en mobles que t&#8217;ajuden a guanyar espai i ordre. La import\u00e0ncia de la finalitat de cada espai per a gaudir la nostra llar La meva experi\u00e8ncia laboral en diverses empreses ha fet que aprengu\u00e9s molt sobre materials i les diferents maneres en les quals [&hellip;]","og_url":"https:\/\/ainavalles.com\/ca\/sobre-mi\/","og_site_name":"Aina Vall\u00e8s","article_publisher":"https:\/\/www.facebook.com\/people\/Aina-Valls\/100090582199736\/","article_modified_time":"2024-11-11T13:46:26+00:00","twitter_card":"summary_large_image","twitter_misc":{"Temps estimat de lectura":"2 minuts"},"schema":{"@context":"https:\/\/schema.org","@graph":[{"@type":"WebPage","@id":"https:\/\/ainavalles.com\/ca\/sobre-mi\/","url":"https:\/\/ainavalles.com\/ca\/sobre-mi\/","name":"Dissenyadora en distribucio interior, ordre de cases | AINA VALL\u00c9S","isPartOf":{"@id":"https:\/\/ainavalles.com\/#website"},"primaryImageOfPage":{"@id":"https:\/\/ainavalles.com\/ca\/sobre-mi\/#primaryimage"},"image":{"@id":"https:\/\/ainavalles.com\/ca\/sobre-mi\/#primaryimage"},"thumbnailUrl":"https:\/\/ainavalles.com\/wp-content\/uploads\/2024\/11\/PIDE-CITA-AINA-VALLES-CAT-1.svg","datePublished":"2023-09-18T08:27:53+00:00","dateModified":"2024-11-11T13:46:26+00:00","breadcrumb":{"@id":"https:\/\/ainavalles.com\/ca\/sobre-mi\/#breadcrumb"},"inLanguage":"ca","potentialAction":[{"@type":"ReadAction","target":["https:\/\/ainavalles.com\/ca\/sobre-mi\/"]}]},{"@type":"ImageObject","inLanguage":"ca","@id":"https:\/\/ainavalles.com\/ca\/sobre-mi\/#primaryimage","url":"https:\/\/ainavalles.com\/wp-content\/uploads\/2024\/11\/PIDE-CITA-AINA-VALLES-CAT-1.svg","contentUrl":"https:\/\/ainavalles.com\/wp-content\/uploads\/2024\/11\/PIDE-CITA-AINA-VALLES-CAT-1.svg"},{"@type":"BreadcrumbList","@id":"https:\/\/ainavalles.com\/ca\/sobre-mi\/#breadcrumb","itemListElement":[{"@type":"ListItem","position":1,"name":"Portada","item":"https:\/\/ainavalles.com\/"},{"@type":"ListItem","position":2,"name":"Sobre jo"}]},{"@type":"WebSite","@id":"https:\/\/ainavalles.com\/#website","url":"https:\/\/ainavalles.com\/","name":"Aina Vall\u00e8s","description":"Interiorismo en Mallorca","publisher":{"@id":"https:\/\/ainavalles.com\/#organization"},"potentialAction":[{"@type":"SearchAction","target":{"@type":"EntryPoint","urlTemplate":"https:\/\/ainavalles.com\/?s={search_term_string}"},"query-input":{"@type":"PropertyValueSpecification","valueRequired":true,"valueName":"search_term_string"}}],"inLanguage":"ca"},{"@type":"Organization","@id":"https:\/\/ainavalles.com\/#organization","name":"Aina Vall\u00e8s","url":"https:\/\/ainavalles.com\/","logo":{"@type":"ImageObject","inLanguage":"ca","@id":"https:\/\/ainavalles.com\/#\/schema\/logo\/image\/","url":"https:\/\/ainavalles.com\/wp-content\/uploads\/2023\/09\/logo.svg","contentUrl":"https:\/\/ainavalles.com\/wp-content\/uploads\/2023\/09\/logo.svg","width":300,"height":244,"caption":"Aina Vall\u00e8s"},"image":{"@id":"https:\/\/ainavalles.com\/#\/schema\/logo\/image\/"},"sameAs":["https:\/\/www.facebook.com\/people\/Aina-Valls\/100090582199736\/","https:\/\/www.instagram.com\/aina_valles\/"]}]}},"_links":{"self":[{"href":"https:\/\/ainavalles.com\/ca\/wp-json\/wp\/v2\/pages\/1767","targetHints":{"allow":["GET"]}}],"collection":[{"href":"https:\/\/ainavalles.com\/ca\/wp-json\/wp\/v2\/pages"}],"about":[{"href":"https:\/\/ainavalles.com\/ca\/wp-json\/wp\/v2\/types\/page"}],"author":[{"embeddable":true,"href":"https:\/\/ainavalles.com\/ca\/wp-json\/wp\/v2\/users\/1"}],"replies":[{"embeddable":true,"href":"https:\/\/ainavalles.com\/ca\/wp-json\/wp\/v2\/comments?post=1767"}],"version-history":[{"count":7,"href":"https:\/\/ainavalles.com\/ca\/wp-json\/wp\/v2\/pages\/1767\/revisions"}],"predecessor-version":[{"id":2154,"href":"https:\/\/ainavalles.com\/ca\/wp-json\/wp\/v2\/pages\/1767\/revisions\/2154"}],"wp:attachment":[{"href":"https:\/\/ainavalles.com\/ca\/wp-json\/wp\/v2\/media?parent=1767"}],"curies":[{"name":"wp","href":"https:\/\/api.w.org\/{rel}","templated":true}]}}