{"id":3137,"date":"2023-09-18T10:27:53","date_gmt":"2023-09-18T08:27:53","guid":{"rendered":"https:\/\/ainavalles.com\/sobre-mi\/"},"modified":"2025-05-28T14:16:39","modified_gmt":"2025-05-28T12:16:39","slug":"ueber-mich","status":"publish","type":"page","link":"https:\/\/ainavalles.com\/de\/ueber-mich\/","title":{"rendered":"\u00dcber mich"},"content":{"rendered":"\t\t<div data-elementor-type=\"wp-page\" data-elementor-id=\"3137\" class=\"elementor elementor-3137 elementor-129\" data-elementor-post-type=\"page\">\n\t\t\t\t<div class=\"elementor-element elementor-element-8e90285 e-con-full e-flex e-con e-parent\" data-id=\"8e90285\" data-element_type=\"container\" data-settings=\"{&quot;background_background&quot;:&quot;classic&quot;}\">\n\t\t\t\t<div class=\"elementor-element elementor-element-4022b15 elementor-widget__width-inherit elementor-widget elementor-widget-heading\" data-id=\"4022b15\" data-element_type=\"widget\" data-widget_type=\"heading.default\">\n\t\t\t\t<div class=\"elementor-widget-container\">\n\t\t\t<h1 class=\"elementor-heading-title elementor-size-default\">Hallo, ich bin Aina Vall\u00e9s<\/h1>\t\t<\/div>\n\t\t\t\t<\/div>\n\t\t\t\t<div class=\"elementor-element elementor-element-0514af9 elementor-widget__width-inherit elementor-widget elementor-widget-text-editor\" data-id=\"0514af9\" data-element_type=\"widget\" data-widget_type=\"text-editor.default\">\n\t\t\t\t<div class=\"elementor-widget-container\">\n\t\t\t\t\t\t\t<p>Ich habe das Studium Innenarchitektur absolviert und bin Spezialistin f\u00fcr Raum und Ordnung.<\/p>\t\t\t\t\t\t<\/div>\n\t\t\t\t<\/div>\n\t\t\t\t<div class=\"elementor-element elementor-element-b794c5e elementor-absolute elementor-view-default elementor-widget elementor-widget-icon\" data-id=\"b794c5e\" data-element_type=\"widget\" data-settings=\"{&quot;_position&quot;:&quot;absolute&quot;}\" data-widget_type=\"icon.default\">\n\t\t\t\t<div class=\"elementor-widget-container\">\n\t\t\t\t\t<div class=\"elementor-icon-wrapper\">\n\t\t\t<a class=\"elementor-icon\" href=\"#contenidoweb\">\n\t\t\t<i aria-hidden=\"true\" class=\"icon icon-arrow-down\"><\/i>\t\t\t<\/a>\n\t\t<\/div>\n\t\t\t\t<\/div>\n\t\t\t\t<\/div>\n\t\t\t\t<div class=\"elementor-element elementor-element-acf0043 pidecita elementor-widget elementor-widget-image\" data-id=\"acf0043\" data-element_type=\"widget\" data-widget_type=\"image.default\">\n\t\t\t\t<div class=\"elementor-widget-container\">\n\t\t\t\t\t\t\t\t\t\t\t\t\t<img decoding=\"async\" width=\"217\" height=\"217\" src=\"https:\/\/ainavalles.com\/wp-content\/uploads\/2023\/09\/PIDE-CITA-AINA-VALLES-texto.svg\" class=\"attachment-large size-large wp-image-3182\" alt=\"\" \/>\t\t\t\t\t\t\t\t\t\t\t\t\t<\/div>\n\t\t\t\t<\/div>\n\t\t\t\t<div class=\"elementor-element elementor-element-2804926 pidecitalogo elementor-widget elementor-widget-image\" data-id=\"2804926\" data-element_type=\"widget\" data-widget_type=\"image.default\">\n\t\t\t\t<div class=\"elementor-widget-container\">\n\t\t\t\t\t\t\t\t\t\t\t\t\t\t<a href=\"https:\/\/ainavalles.com\/contacto\/\">\n\t\t\t\t\t\t\t<img decoding=\"async\" width=\"217\" height=\"217\" src=\"https:\/\/ainavalles.com\/wp-content\/uploads\/2023\/09\/PIDE-CITA-AINA-VALLES-logo.svg\" class=\"attachment-large size-large wp-image-3183\" alt=\"\" \/>\t\t\t\t\t\t\t\t<\/a>\n\t\t\t\t\t\t\t\t\t\t\t\t\t<\/div>\n\t\t\t\t<\/div>\n\t\t\t\t<\/div>\n\t\t<div class=\"elementor-element elementor-element-94ed596 e-con-full e-flex e-con e-parent\" data-id=\"94ed596\" data-element_type=\"container\" id=\"contenidoweb\">\n\t\t<div class=\"elementor-element elementor-element-da97534 e-flex e-con-boxed e-con e-child\" data-id=\"da97534\" data-element_type=\"container\">\n\t\t\t\t\t<div class=\"e-con-inner\">\n\t\t<div class=\"elementor-element elementor-element-b29dadc e-con-full e-flex e-con e-child\" data-id=\"b29dadc\" data-element_type=\"container\">\n\t\t<div class=\"elementor-element elementor-element-936e23a e-con-full elementor-hidden-tablet elementor-hidden-mobile e-flex e-con e-child\" data-id=\"936e23a\" data-element_type=\"container\" data-settings=\"{&quot;background_background&quot;:&quot;classic&quot;}\">\n\t\t\t\t<div class=\"elementor-element elementor-element-3c077c3 elementor-widget elementor-widget-spacer\" data-id=\"3c077c3\" data-element_type=\"widget\" data-widget_type=\"spacer.default\">\n\t\t\t\t<div class=\"elementor-widget-container\">\n\t\t\t\t\t<div class=\"elementor-spacer\">\n\t\t\t<div class=\"elementor-spacer-inner\"><\/div>\n\t\t<\/div>\n\t\t\t\t<\/div>\n\t\t\t\t<\/div>\n\t\t\t\t<div class=\"elementor-element elementor-element-e5cffa9 elementor-widget elementor-widget-spacer\" data-id=\"e5cffa9\" data-element_type=\"widget\" data-widget_type=\"spacer.default\">\n\t\t\t\t<div class=\"elementor-widget-container\">\n\t\t\t\t\t<div class=\"elementor-spacer\">\n\t\t\t<div class=\"elementor-spacer-inner\"><\/div>\n\t\t<\/div>\n\t\t\t\t<\/div>\n\t\t\t\t<\/div>\n\t\t\t\t<\/div>\n\t\t\t\t<div class=\"elementor-element elementor-element-275919f elementor-widget elementor-widget-heading\" data-id=\"275919f\" data-element_type=\"widget\" data-widget_type=\"heading.default\">\n\t\t\t\t<div class=\"elementor-widget-container\">\n\t\t\t<h2 class=\"elementor-heading-title elementor-size-default\">Dabei ist es wichtig, dass jeder Raum seinen Zweck erf\u00fcllt, damit wir unser Zuhause genie\u00dfen k\u00f6nnen.<\/h2>\t\t<\/div>\n\t\t\t\t<\/div>\n\t\t\t\t<div class=\"elementor-element elementor-element-8ec22a9 elementor-widget elementor-widget-text-editor\" data-id=\"8ec22a9\" data-element_type=\"widget\" data-widget_type=\"text-editor.default\">\n\t\t\t\t<div class=\"elementor-widget-container\">\n\t\t\t\t\t\t\t<p>Durch meine in verschiedenen Unternehmen gesammelte Erfahrung habe ich viel \u00fcber Materialien und die verschiedenen M\u00f6glichkeiten ihrer Verwendung gelernt. Dies ist f\u00fcr mich ein sehr wichtiger Aspekt, den es gilt, bei jedem Projekt zu ber\u00fccksichtigen.<\/p>\t\t\t\t\t\t<\/div>\n\t\t\t\t<\/div>\n\t\t\t\t<\/div>\n\t\t<div class=\"elementor-element elementor-element-272336d e-con-full e-flex e-con e-child\" data-id=\"272336d\" data-element_type=\"container\">\n\t\t\t\t<div class=\"elementor-element elementor-element-5f4bdf4 elementor-widget elementor-widget-spacer\" data-id=\"5f4bdf4\" data-element_type=\"widget\" data-widget_type=\"spacer.default\">\n\t\t\t\t<div class=\"elementor-widget-container\">\n\t\t\t\t\t<div class=\"elementor-spacer\">\n\t\t\t<div class=\"elementor-spacer-inner\"><\/div>\n\t\t<\/div>\n\t\t\t\t<\/div>\n\t\t\t\t<\/div>\n\t\t\t\t<div class=\"elementor-element elementor-element-3160dc9 elementor-widget elementor-widget-heading\" data-id=\"3160dc9\" data-element_type=\"widget\" data-widget_type=\"heading.default\">\n\t\t\t\t<div class=\"elementor-widget-container\">\n\t\t\t<h2 class=\"elementor-heading-title elementor-size-default\">Bist du auf der Suche nach M\u00f6beln, die dir dabei helfen, in deiner Wohnung mehr Platz zu schaffen und sie in einem ordentlichen Zustand zu halten? Dann bist du hier auf meiner Website genau richtig, wir werden ein unschlagbares Team sein.<\/h2>\t\t<\/div>\n\t\t\t\t<\/div>\n\t\t\t\t<div class=\"elementor-element elementor-element-938b11f elementor-widget elementor-widget-text-editor\" data-id=\"938b11f\" data-element_type=\"widget\" data-widget_type=\"text-editor.default\">\n\t\t\t\t<div class=\"elementor-widget-container\">\n\t\t\t\t\t\t\t<p>Bereits als Kind war ich sehr kreativ (wobei ich nicht ordentlich war). W\u00e4hrend des Innenarchitekturstudiums wurde mir bewusst, dass ich viel Platz gewinnen w\u00fcrde, wenn ich die verschiedenen Bereiche meiner Wohnung aufr\u00e4umte. Jetzt lebe ich mit meiner Familie in einem kleinen Haus und wende das, was ich gelernt habe, mehr denn je an, um mehr Platz zu schaffen und ein ordentliches und ger\u00e4umiges Zuhause zu haben.<\/p><p>Im Jahr 2012 begann ich als Innenarchitektin zu arbeiten und daraufhin folgte die Spezialisierung auf K\u00fcchengestaltung. In diesem Bereich habe ich viel gelernt, da ich verschiedene Projekte entworfen habe. Dabei wurde mir klar, dass es f\u00fcr eine gute Innenraumgestaltung sehr wichtig ist, den ganzen Wohnraum zu erfassen und \u00fcber jeden Stauraum und seinen Zweck nachzudenken.<\/p>\t\t\t\t\t\t<\/div>\n\t\t\t\t<\/div>\n\t\t\t\t<div class=\"elementor-element elementor-element-a735dc0 elementor-widget elementor-widget-spacer\" data-id=\"a735dc0\" data-element_type=\"widget\" data-widget_type=\"spacer.default\">\n\t\t\t\t<div class=\"elementor-widget-container\">\n\t\t\t\t\t<div class=\"elementor-spacer\">\n\t\t\t<div class=\"elementor-spacer-inner\"><\/div>\n\t\t<\/div>\n\t\t\t\t<\/div>\n\t\t\t\t<\/div>\n\t\t<div class=\"elementor-element elementor-element-7f31289 e-con-full e-flex e-con e-child\" data-id=\"7f31289\" data-element_type=\"container\" data-settings=\"{&quot;background_background&quot;:&quot;classic&quot;}\">\n\t\t\t\t<div class=\"elementor-element elementor-element-a4c8a2f elementor-widget elementor-widget-spacer\" data-id=\"a4c8a2f\" data-element_type=\"widget\" data-widget_type=\"spacer.default\">\n\t\t\t\t<div class=\"elementor-widget-container\">\n\t\t\t\t\t<div class=\"elementor-spacer\">\n\t\t\t<div class=\"elementor-spacer-inner\"><\/div>\n\t\t<\/div>\n\t\t\t\t<\/div>\n\t\t\t\t<\/div>\n\t\t\t\t<div class=\"elementor-element elementor-element-b87a244 elementor-widget elementor-widget-spacer\" data-id=\"b87a244\" data-element_type=\"widget\" data-widget_type=\"spacer.default\">\n\t\t\t\t<div class=\"elementor-widget-container\">\n\t\t\t\t\t<div class=\"elementor-spacer\">\n\t\t\t<div class=\"elementor-spacer-inner\"><\/div>\n\t\t<\/div>\n\t\t\t\t<\/div>\n\t\t\t\t<\/div>\n\t\t\t\t<\/div>\n\t\t\t\t<\/div>\n\t\t\t\t\t<\/div>\n\t\t\t\t<\/div>\n\t\t\t\t<\/div>\n\t\t<div class=\"elementor-element elementor-element-32cbdf1 e-con-full e-flex e-con e-parent\" data-id=\"32cbdf1\" data-element_type=\"container\" data-settings=\"{&quot;background_background&quot;:&quot;classic&quot;}\">\n\t\t\t\t<div class=\"elementor-element elementor-element-87caecc elementor-widget__width-inherit elementor-widget elementor-widget-heading\" data-id=\"87caecc\" data-element_type=\"widget\" data-widget_type=\"heading.default\">\n\t\t\t\t<div class=\"elementor-widget-container\">\n\t\t\t<div class=\"elementor-heading-title elementor-size-default\">M\u00f6chtest du, dass wir gemeinsam an deinem Projekt arbeiten?<\/div>\t\t<\/div>\n\t\t\t\t<\/div>\n\t\t\t\t<div class=\"elementor-element elementor-element-d01820b elementor-align-center elementor-widget__width-inherit elementor-widget elementor-widget-button\" data-id=\"d01820b\" data-element_type=\"widget\" data-widget_type=\"button.default\">\n\t\t\t\t<div class=\"elementor-widget-container\">\n\t\t\t\t\t\t\t<div class=\"elementor-button-wrapper\">\n\t\t\t\t\t<a class=\"elementor-button elementor-button-link elementor-size-sm\" href=\"https:\/\/ainavalles.com\/de\/kontakt\">\n\t\t\t\t\t\t<span class=\"elementor-button-content-wrapper\">\n\t\t\t\t\t\t\t\t\t<span class=\"elementor-button-text\"> Kontaktiere mich<\/span>\n\t\t\t\t\t<\/span>\n\t\t\t\t\t<\/a>\n\t\t\t\t<\/div>\n\t\t\t\t\t\t<\/div>\n\t\t\t\t<\/div>\n\t\t\t\t<div class=\"elementor-element elementor-element-d454666 elementor-widget elementor-widget-spacer\" data-id=\"d454666\" data-element_type=\"widget\" data-widget_type=\"spacer.default\">\n\t\t\t\t<div class=\"elementor-widget-container\">\n\t\t\t\t\t<div class=\"elementor-spacer\">\n\t\t\t<div class=\"elementor-spacer-inner\"><\/div>\n\t\t<\/div>\n\t\t\t\t<\/div>\n\t\t\t\t<\/div>\n\t\t\t\t<\/div>\n\t\t\t\t<\/div>\n\t\t","protected":false},"excerpt":{"rendered":"<p>Hallo, ich bin Aina Vall\u00e9s Ich habe das Studium Innenarchitektur absolviert und bin Spezialistin f\u00fcr Raum und Ordnung. Dabei ist es wichtig, dass jeder Raum seinen Zweck erf\u00fcllt, damit wir unser Zuhause genie\u00dfen k\u00f6nnen. Durch meine in verschiedenen Unternehmen gesammelte Erfahrung habe ich viel \u00fcber Materialien und die verschiedenen M\u00f6glichkeiten ihrer Verwendung gelernt. Dies ist [&hellip;]<\/p>\n","protected":false},"author":1,"featured_media":0,"parent":0,"menu_order":0,"comment_status":"closed","ping_status":"closed","template":"elementor_header_footer","meta":{"_acf_changed":false,"footnotes":""},"class_list":["post-3137","page","type-page","status-publish","hentry"],"acf":[],"yoast_head":"<!-- This site is optimized with the Yoast SEO plugin v26.8 - https:\/\/yoast.com\/product\/yoast-seo-wordpress\/ -->\n<title>Spezialisiert auf die Verteilung, Organisation, Haus | AINA VALL\u00c9S<\/title>\n<meta name=\"robots\" content=\"index, follow, max-snippet:-1, max-image-preview:large, max-video-preview:-1\" \/>\n<link rel=\"canonical\" href=\"https:\/\/ainavalles.com\/de\/ueber-mich\/\" \/>\n<meta property=\"og:locale\" content=\"de_DE\" \/>\n<meta property=\"og:type\" content=\"article\" \/>\n<meta property=\"og:title\" content=\"Spezialisiert auf die Verteilung, Organisation, Haus | AINA VALL\u00c9S\" \/>\n<meta property=\"og:description\" content=\"Hallo, ich bin Aina Vall\u00e9s Ich habe das Studium Innenarchitektur absolviert und bin Spezialistin f\u00fcr Raum und Ordnung. Dabei ist es wichtig, dass jeder Raum seinen Zweck erf\u00fcllt, damit wir unser Zuhause genie\u00dfen k\u00f6nnen. Durch meine in verschiedenen Unternehmen gesammelte Erfahrung habe ich viel \u00fcber Materialien und die verschiedenen M\u00f6glichkeiten ihrer Verwendung gelernt. Dies ist [&hellip;]\" \/>\n<meta property=\"og:url\" content=\"https:\/\/ainavalles.com\/de\/ueber-mich\/\" \/>\n<meta property=\"og:site_name\" content=\"Aina Vall\u00e8s\" \/>\n<meta property=\"article:publisher\" content=\"https:\/\/www.facebook.com\/people\/Aina-Valls\/100090582199736\/\" \/>\n<meta property=\"article:modified_time\" content=\"2025-05-28T12:16:39+00:00\" \/>\n<meta name=\"twitter:card\" content=\"summary_large_image\" \/>\n<meta name=\"twitter:label1\" content=\"Gesch\u00e4tzte Lesezeit\" \/>\n\t<meta name=\"twitter:data1\" content=\"2\u00a0Minuten\" \/>\n<script type=\"application\/ld+json\" class=\"yoast-schema-graph\">{\"@context\":\"https:\/\/schema.org\",\"@graph\":[{\"@type\":\"WebPage\",\"@id\":\"https:\/\/ainavalles.com\/de\/ueber-mich\/\",\"url\":\"https:\/\/ainavalles.com\/de\/ueber-mich\/\",\"name\":\"Spezialisiert auf die Verteilung, Organisation, Haus | AINA VALL\u00c9S\",\"isPartOf\":{\"@id\":\"https:\/\/ainavalles.com\/#website\"},\"primaryImageOfPage\":{\"@id\":\"https:\/\/ainavalles.com\/de\/ueber-mich\/#primaryimage\"},\"image\":{\"@id\":\"https:\/\/ainavalles.com\/de\/ueber-mich\/#primaryimage\"},\"thumbnailUrl\":\"https:\/\/ainavalles.com\/wp-content\/uploads\/2023\/09\/PIDE-CITA-AINA-VALLES-texto.svg\",\"datePublished\":\"2023-09-18T08:27:53+00:00\",\"dateModified\":\"2025-05-28T12:16:39+00:00\",\"breadcrumb\":{\"@id\":\"https:\/\/ainavalles.com\/de\/ueber-mich\/#breadcrumb\"},\"inLanguage\":\"de\",\"potentialAction\":[{\"@type\":\"ReadAction\",\"target\":[\"https:\/\/ainavalles.com\/de\/ueber-mich\/\"]}]},{\"@type\":\"ImageObject\",\"inLanguage\":\"de\",\"@id\":\"https:\/\/ainavalles.com\/de\/ueber-mich\/#primaryimage\",\"url\":\"https:\/\/ainavalles.com\/wp-content\/uploads\/2023\/09\/PIDE-CITA-AINA-VALLES-texto.svg\",\"contentUrl\":\"https:\/\/ainavalles.com\/wp-content\/uploads\/2023\/09\/PIDE-CITA-AINA-VALLES-texto.svg\"},{\"@type\":\"BreadcrumbList\",\"@id\":\"https:\/\/ainavalles.com\/de\/ueber-mich\/#breadcrumb\",\"itemListElement\":[{\"@type\":\"ListItem\",\"position\":1,\"name\":\"Portada\",\"item\":\"https:\/\/ainavalles.com\/de\/\"},{\"@type\":\"ListItem\",\"position\":2,\"name\":\"\u00dcber mich\"}]},{\"@type\":\"WebSite\",\"@id\":\"https:\/\/ainavalles.com\/#website\",\"url\":\"https:\/\/ainavalles.com\/\",\"name\":\"Aina Vall\u00e8s\",\"description\":\"Interiorismo en Mallorca\",\"publisher\":{\"@id\":\"https:\/\/ainavalles.com\/#organization\"},\"potentialAction\":[{\"@type\":\"SearchAction\",\"target\":{\"@type\":\"EntryPoint\",\"urlTemplate\":\"https:\/\/ainavalles.com\/?s={search_term_string}\"},\"query-input\":{\"@type\":\"PropertyValueSpecification\",\"valueRequired\":true,\"valueName\":\"search_term_string\"}}],\"inLanguage\":\"de\"},{\"@type\":\"Organization\",\"@id\":\"https:\/\/ainavalles.com\/#organization\",\"name\":\"Aina Vall\u00e8s\",\"url\":\"https:\/\/ainavalles.com\/\",\"logo\":{\"@type\":\"ImageObject\",\"inLanguage\":\"de\",\"@id\":\"https:\/\/ainavalles.com\/#\/schema\/logo\/image\/\",\"url\":\"https:\/\/ainavalles.com\/wp-content\/uploads\/2023\/09\/logo.svg\",\"contentUrl\":\"https:\/\/ainavalles.com\/wp-content\/uploads\/2023\/09\/logo.svg\",\"width\":300,\"height\":244,\"caption\":\"Aina Vall\u00e8s\"},\"image\":{\"@id\":\"https:\/\/ainavalles.com\/#\/schema\/logo\/image\/\"},\"sameAs\":[\"https:\/\/www.facebook.com\/people\/Aina-Valls\/100090582199736\/\",\"https:\/\/www.instagram.com\/aina_valles\/\"]}]}<\/script>\n<!-- \/ Yoast SEO plugin. -->","yoast_head_json":{"title":"Spezialisiert auf die Verteilung, Organisation, Haus | AINA VALL\u00c9S","robots":{"index":"index","follow":"follow","max-snippet":"max-snippet:-1","max-image-preview":"max-image-preview:large","max-video-preview":"max-video-preview:-1"},"canonical":"https:\/\/ainavalles.com\/de\/ueber-mich\/","og_locale":"de_DE","og_type":"article","og_title":"Spezialisiert auf die Verteilung, Organisation, Haus | AINA VALL\u00c9S","og_description":"Hallo, ich bin Aina Vall\u00e9s Ich habe das Studium Innenarchitektur absolviert und bin Spezialistin f\u00fcr Raum und Ordnung. Dabei ist es wichtig, dass jeder Raum seinen Zweck erf\u00fcllt, damit wir unser Zuhause genie\u00dfen k\u00f6nnen. Durch meine in verschiedenen Unternehmen gesammelte Erfahrung habe ich viel \u00fcber Materialien und die verschiedenen M\u00f6glichkeiten ihrer Verwendung gelernt. Dies ist [&hellip;]","og_url":"https:\/\/ainavalles.com\/de\/ueber-mich\/","og_site_name":"Aina Vall\u00e8s","article_publisher":"https:\/\/www.facebook.com\/people\/Aina-Valls\/100090582199736\/","article_modified_time":"2025-05-28T12:16:39+00:00","twitter_card":"summary_large_image","twitter_misc":{"Gesch\u00e4tzte Lesezeit":"2\u00a0Minuten"},"schema":{"@context":"https:\/\/schema.org","@graph":[{"@type":"WebPage","@id":"https:\/\/ainavalles.com\/de\/ueber-mich\/","url":"https:\/\/ainavalles.com\/de\/ueber-mich\/","name":"Spezialisiert auf die Verteilung, Organisation, Haus | AINA VALL\u00c9S","isPartOf":{"@id":"https:\/\/ainavalles.com\/#website"},"primaryImageOfPage":{"@id":"https:\/\/ainavalles.com\/de\/ueber-mich\/#primaryimage"},"image":{"@id":"https:\/\/ainavalles.com\/de\/ueber-mich\/#primaryimage"},"thumbnailUrl":"https:\/\/ainavalles.com\/wp-content\/uploads\/2023\/09\/PIDE-CITA-AINA-VALLES-texto.svg","datePublished":"2023-09-18T08:27:53+00:00","dateModified":"2025-05-28T12:16:39+00:00","breadcrumb":{"@id":"https:\/\/ainavalles.com\/de\/ueber-mich\/#breadcrumb"},"inLanguage":"de","potentialAction":[{"@type":"ReadAction","target":["https:\/\/ainavalles.com\/de\/ueber-mich\/"]}]},{"@type":"ImageObject","inLanguage":"de","@id":"https:\/\/ainavalles.com\/de\/ueber-mich\/#primaryimage","url":"https:\/\/ainavalles.com\/wp-content\/uploads\/2023\/09\/PIDE-CITA-AINA-VALLES-texto.svg","contentUrl":"https:\/\/ainavalles.com\/wp-content\/uploads\/2023\/09\/PIDE-CITA-AINA-VALLES-texto.svg"},{"@type":"BreadcrumbList","@id":"https:\/\/ainavalles.com\/de\/ueber-mich\/#breadcrumb","itemListElement":[{"@type":"ListItem","position":1,"name":"Portada","item":"https:\/\/ainavalles.com\/de\/"},{"@type":"ListItem","position":2,"name":"\u00dcber mich"}]},{"@type":"WebSite","@id":"https:\/\/ainavalles.com\/#website","url":"https:\/\/ainavalles.com\/","name":"Aina Vall\u00e8s","description":"Interiorismo en Mallorca","publisher":{"@id":"https:\/\/ainavalles.com\/#organization"},"potentialAction":[{"@type":"SearchAction","target":{"@type":"EntryPoint","urlTemplate":"https:\/\/ainavalles.com\/?s={search_term_string}"},"query-input":{"@type":"PropertyValueSpecification","valueRequired":true,"valueName":"search_term_string"}}],"inLanguage":"de"},{"@type":"Organization","@id":"https:\/\/ainavalles.com\/#organization","name":"Aina Vall\u00e8s","url":"https:\/\/ainavalles.com\/","logo":{"@type":"ImageObject","inLanguage":"de","@id":"https:\/\/ainavalles.com\/#\/schema\/logo\/image\/","url":"https:\/\/ainavalles.com\/wp-content\/uploads\/2023\/09\/logo.svg","contentUrl":"https:\/\/ainavalles.com\/wp-content\/uploads\/2023\/09\/logo.svg","width":300,"height":244,"caption":"Aina Vall\u00e8s"},"image":{"@id":"https:\/\/ainavalles.com\/#\/schema\/logo\/image\/"},"sameAs":["https:\/\/www.facebook.com\/people\/Aina-Valls\/100090582199736\/","https:\/\/www.instagram.com\/aina_valles\/"]}]}},"_links":{"self":[{"href":"https:\/\/ainavalles.com\/de\/wp-json\/wp\/v2\/pages\/3137","targetHints":{"allow":["GET"]}}],"collection":[{"href":"https:\/\/ainavalles.com\/de\/wp-json\/wp\/v2\/pages"}],"about":[{"href":"https:\/\/ainavalles.com\/de\/wp-json\/wp\/v2\/types\/page"}],"author":[{"embeddable":true,"href":"https:\/\/ainavalles.com\/de\/wp-json\/wp\/v2\/users\/1"}],"replies":[{"embeddable":true,"href":"https:\/\/ainavalles.com\/de\/wp-json\/wp\/v2\/comments?post=3137"}],"version-history":[{"count":8,"href":"https:\/\/ainavalles.com\/de\/wp-json\/wp\/v2\/pages\/3137\/revisions"}],"predecessor-version":[{"id":3267,"href":"https:\/\/ainavalles.com\/de\/wp-json\/wp\/v2\/pages\/3137\/revisions\/3267"}],"wp:attachment":[{"href":"https:\/\/ainavalles.com\/de\/wp-json\/wp\/v2\/media?parent=3137"}],"curies":[{"name":"wp","href":"https:\/\/api.w.org\/{rel}","templated":true}]}}