{"id":3196,"date":"2023-09-18T10:28:20","date_gmt":"2023-09-18T08:28:20","guid":{"rendered":"https:\/\/ainavalles.com\/mobiliario\/"},"modified":"2025-05-28T13:23:30","modified_gmt":"2025-05-28T11:23:30","slug":"moebel","status":"publish","type":"page","link":"https:\/\/ainavalles.com\/de\/moebel\/","title":{"rendered":"M\u00f6bel"},"content":{"rendered":"\t\t<div data-elementor-type=\"wp-page\" data-elementor-id=\"3196\" class=\"elementor elementor-3196 elementor-133\" data-elementor-post-type=\"page\">\n\t\t\t\t<div class=\"elementor-element elementor-element-65b71c0 e-con-full e-flex e-con e-parent\" data-id=\"65b71c0\" data-element_type=\"container\" data-settings=\"{&quot;background_background&quot;:&quot;classic&quot;}\">\n\t\t\t\t<div class=\"elementor-element elementor-element-e9a2d47 elementor-widget elementor-widget-heading\" data-id=\"e9a2d47\" data-element_type=\"widget\" data-widget_type=\"heading.default\">\n\t\t\t\t<div class=\"elementor-widget-container\">\n\t\t\t<h1 class=\"elementor-heading-title elementor-size-default\">Welches sind deine Bed\u00fcrfnisse?<\/h1>\t\t<\/div>\n\t\t\t\t<\/div>\n\t\t\t\t<div class=\"elementor-element elementor-element-3de95c7 elementor-widget elementor-widget-text-editor\" data-id=\"3de95c7\" data-element_type=\"widget\" data-widget_type=\"text-editor.default\">\n\t\t\t\t<div class=\"elementor-widget-container\">\n\t\t\t\t\t\t\t<p>Ich bin Spezialistin f\u00fcr M\u00f6bel, die dir dabei helfen, Raum und Ordnung zu schaffen.<\/p>\t\t\t\t\t\t<\/div>\n\t\t\t\t<\/div>\n\t\t\t\t<div class=\"elementor-element elementor-element-35633e7 elementor-absolute elementor-view-default elementor-widget elementor-widget-icon\" data-id=\"35633e7\" data-element_type=\"widget\" data-settings=\"{&quot;_position&quot;:&quot;absolute&quot;}\" data-widget_type=\"icon.default\">\n\t\t\t\t<div class=\"elementor-widget-container\">\n\t\t\t\t\t<div class=\"elementor-icon-wrapper\">\n\t\t\t<a class=\"elementor-icon\" href=\"#contenidoweb\">\n\t\t\t<i aria-hidden=\"true\" class=\"icon icon-arrow-down\"><\/i>\t\t\t<\/a>\n\t\t<\/div>\n\t\t\t\t<\/div>\n\t\t\t\t<\/div>\n\t\t\t\t<div class=\"elementor-element elementor-element-0e25f15 pidecita elementor-widget elementor-widget-image\" data-id=\"0e25f15\" data-element_type=\"widget\" data-widget_type=\"image.default\">\n\t\t\t\t<div class=\"elementor-widget-container\">\n\t\t\t\t\t\t\t\t\t\t\t\t\t<img decoding=\"async\" width=\"217\" height=\"217\" src=\"https:\/\/ainavalles.com\/wp-content\/uploads\/2023\/09\/PIDE-CITA-AINA-VALLES-texto.svg\" class=\"attachment-large size-large wp-image-3182\" alt=\"\" \/>\t\t\t\t\t\t\t\t\t\t\t\t\t<\/div>\n\t\t\t\t<\/div>\n\t\t\t\t<div class=\"elementor-element elementor-element-31dfde0 pidecitalogo elementor-widget elementor-widget-image\" data-id=\"31dfde0\" data-element_type=\"widget\" data-widget_type=\"image.default\">\n\t\t\t\t<div class=\"elementor-widget-container\">\n\t\t\t\t\t\t\t\t\t\t\t\t\t\t<a href=\"https:\/\/ainavalles.com\/contacto\/\">\n\t\t\t\t\t\t\t<img decoding=\"async\" width=\"217\" height=\"217\" src=\"https:\/\/ainavalles.com\/wp-content\/uploads\/2023\/09\/PIDE-CITA-AINA-VALLES-logo.svg\" class=\"attachment-large size-large wp-image-3183\" alt=\"\" \/>\t\t\t\t\t\t\t\t<\/a>\n\t\t\t\t\t\t\t\t\t\t\t\t\t<\/div>\n\t\t\t\t<\/div>\n\t\t\t\t<\/div>\n\t\t<div class=\"elementor-element elementor-element-f62cf6b e-con-full e-flex e-con e-parent\" data-id=\"f62cf6b\" data-element_type=\"container\" id=\"contenidoweb\">\n\t\t<div class=\"elementor-element elementor-element-4a883c3 e-flex e-con-boxed e-con e-child\" data-id=\"4a883c3\" data-element_type=\"container\">\n\t\t\t\t\t<div class=\"e-con-inner\">\n\t\t<div class=\"elementor-element elementor-element-8898ac6 e-con-full e-flex e-con e-child\" data-id=\"8898ac6\" data-element_type=\"container\">\n\t\t\t\t<div class=\"elementor-element elementor-element-af341eb elementor-widget elementor-widget-spacer\" data-id=\"af341eb\" data-element_type=\"widget\" data-widget_type=\"spacer.default\">\n\t\t\t\t<div class=\"elementor-widget-container\">\n\t\t\t\t\t<div class=\"elementor-spacer\">\n\t\t\t<div class=\"elementor-spacer-inner\"><\/div>\n\t\t<\/div>\n\t\t\t\t<\/div>\n\t\t\t\t<\/div>\n\t\t\t\t<div class=\"elementor-element elementor-element-486d977 elementor-widget elementor-widget-heading\" data-id=\"486d977\" data-element_type=\"widget\" data-widget_type=\"heading.default\">\n\t\t\t\t<div class=\"elementor-widget-container\">\n\t\t\t<h2 class=\"elementor-heading-title elementor-size-default\">Jedes M\u00f6belst\u00fcck<br>hat seinen Platz<\/h2>\t\t<\/div>\n\t\t\t\t<\/div>\n\t\t\t\t<div class=\"elementor-element elementor-element-b2c289d elementor-widget elementor-widget-text-editor\" data-id=\"b2c289d\" data-element_type=\"widget\" data-widget_type=\"text-editor.default\">\n\t\t\t\t<div class=\"elementor-widget-container\">\n\t\t\t\t\t\t\t<p>Dank meiner Erfahrung mit vielen Fachleuten im Bereich der Innenarchitektur habe ich gelernt, dass es in einem Raum nicht nur auf die M\u00f6belverteilung ankommt. Man muss auch den Zweck jedes M\u00f6belst\u00fccks ber\u00fccksichtigen und warum es gerade an einem bestimmten Platz stehen sollte.<\/p><p>Es ist wichtig, den Nutzen jedes einzelnen M\u00f6belst\u00fccks zu kennen, damit es einfach ist, Ordnung zu halten, und zwar innen als auch au\u00dfen. Es geht nicht nur um das, was wir sehen, sondern auch um das, was wir nicht sehen.<\/p>\t\t\t\t\t\t<\/div>\n\t\t\t\t<\/div>\n\t\t\t\t<div class=\"elementor-element elementor-element-0e475dd elementor-widget elementor-widget-spacer\" data-id=\"0e475dd\" data-element_type=\"widget\" data-widget_type=\"spacer.default\">\n\t\t\t\t<div class=\"elementor-widget-container\">\n\t\t\t\t\t<div class=\"elementor-spacer\">\n\t\t\t<div class=\"elementor-spacer-inner\"><\/div>\n\t\t<\/div>\n\t\t\t\t<\/div>\n\t\t\t\t<\/div>\n\t\t<div class=\"elementor-element elementor-element-5f6957e e-flex e-con-boxed e-con e-child\" data-id=\"5f6957e\" data-element_type=\"container\" data-settings=\"{&quot;background_background&quot;:&quot;classic&quot;}\">\n\t\t\t\t\t<div class=\"e-con-inner\">\n\t\t\t\t<div class=\"elementor-element elementor-element-57180b1 elementor-widget elementor-widget-spacer\" data-id=\"57180b1\" data-element_type=\"widget\" data-widget_type=\"spacer.default\">\n\t\t\t\t<div class=\"elementor-widget-container\">\n\t\t\t\t\t<div class=\"elementor-spacer\">\n\t\t\t<div class=\"elementor-spacer-inner\"><\/div>\n\t\t<\/div>\n\t\t\t\t<\/div>\n\t\t\t\t<\/div>\n\t\t\t\t<div class=\"elementor-element elementor-element-f519334 elementor-widget elementor-widget-spacer\" data-id=\"f519334\" data-element_type=\"widget\" data-widget_type=\"spacer.default\">\n\t\t\t\t<div class=\"elementor-widget-container\">\n\t\t\t\t\t<div class=\"elementor-spacer\">\n\t\t\t<div class=\"elementor-spacer-inner\"><\/div>\n\t\t<\/div>\n\t\t\t\t<\/div>\n\t\t\t\t<\/div>\n\t\t\t\t\t<\/div>\n\t\t\t\t<\/div>\n\t\t\t\t<\/div>\n\t\t<div class=\"elementor-element elementor-element-12d5c4f e-con-full e-flex e-con e-child\" data-id=\"12d5c4f\" data-element_type=\"container\">\n\t\t<div class=\"elementor-element elementor-element-63dd6aa elementor-hidden-tablet elementor-hidden-mobile e-flex e-con-boxed e-con e-child\" data-id=\"63dd6aa\" data-element_type=\"container\" data-settings=\"{&quot;background_background&quot;:&quot;classic&quot;}\">\n\t\t\t\t\t<div class=\"e-con-inner\">\n\t\t\t\t<div class=\"elementor-element elementor-element-6d2cbcc elementor-widget elementor-widget-spacer\" data-id=\"6d2cbcc\" data-element_type=\"widget\" data-widget_type=\"spacer.default\">\n\t\t\t\t<div class=\"elementor-widget-container\">\n\t\t\t\t\t<div class=\"elementor-spacer\">\n\t\t\t<div class=\"elementor-spacer-inner\"><\/div>\n\t\t<\/div>\n\t\t\t\t<\/div>\n\t\t\t\t<\/div>\n\t\t\t\t<div class=\"elementor-element elementor-element-3c38f38 elementor-widget elementor-widget-spacer\" data-id=\"3c38f38\" data-element_type=\"widget\" data-widget_type=\"spacer.default\">\n\t\t\t\t<div class=\"elementor-widget-container\">\n\t\t\t\t\t<div class=\"elementor-spacer\">\n\t\t\t<div class=\"elementor-spacer-inner\"><\/div>\n\t\t<\/div>\n\t\t\t\t<\/div>\n\t\t\t\t<\/div>\n\t\t\t\t\t<\/div>\n\t\t\t\t<\/div>\n\t\t\t\t<div class=\"elementor-element elementor-element-56b7fe4 elementor-widget elementor-widget-heading\" data-id=\"56b7fe4\" data-element_type=\"widget\" data-widget_type=\"heading.default\">\n\t\t\t\t<div class=\"elementor-widget-container\">\n\t\t\t<h2 class=\"elementor-heading-title elementor-size-default\">Dein Zuhause sollte ein Raum zum Genie\u00dfen sein, und mein Ziel ist es, dass wir dies gemeinsam erreichen.<\/h2>\t\t<\/div>\n\t\t\t\t<\/div>\n\t\t\t\t<div class=\"elementor-element elementor-element-f6e88b8 elementor-widget elementor-widget-text-editor\" data-id=\"f6e88b8\" data-element_type=\"widget\" data-widget_type=\"text-editor.default\">\n\t\t\t\t<div class=\"elementor-widget-container\">\n\t\t\t\t\t\t\t<p>Meiner Meinung nach ist es nicht nur wichtig, eine optisch aufger\u00e4umte Wohnung zu gestalten, sondern auch, dass sie im Alltag praktisch ist und sich leicht pflegen l\u00e4sst.<\/p><p>Es ist wichtig, dass Ordnung herrscht, sowohl in den M\u00f6belst\u00fccken als auch au\u00dferhalb.<\/p>\t\t\t\t\t\t<\/div>\n\t\t\t\t<\/div>\n\t\t\t\t<\/div>\n\t\t\t\t\t<\/div>\n\t\t\t\t<\/div>\n\t\t\t\t<\/div>\n\t\t<div class=\"elementor-element elementor-element-e4273e4 e-con-full e-flex e-con e-parent\" data-id=\"e4273e4\" data-element_type=\"container\" data-settings=\"{&quot;background_background&quot;:&quot;classic&quot;}\">\n\t\t<div class=\"elementor-element elementor-element-d11f89e e-flex e-con-boxed e-con e-child\" data-id=\"d11f89e\" data-element_type=\"container\">\n\t\t\t\t\t<div class=\"e-con-inner\">\n\t\t<div class=\"elementor-element elementor-element-6638a73 e-con-full e-flex e-con e-child\" data-id=\"6638a73\" data-element_type=\"container\">\n\t\t\t\t<div class=\"elementor-element elementor-element-d9e2e8c elementor-widget elementor-widget-heading\" data-id=\"d9e2e8c\" data-element_type=\"widget\" data-widget_type=\"heading.default\">\n\t\t\t\t<div class=\"elementor-widget-container\">\n\t\t\t<h2 class=\"elementor-heading-title elementor-size-default\">Ich liebe Innenarchitektur und bin Expertin f\u00fcr M\u00f6bel, aber mein Steckenpferd ist die K\u00fcchengestaltung.\n<\/h2>\t\t<\/div>\n\t\t\t\t<\/div>\n\t\t\t\t<div class=\"elementor-element elementor-element-d86e92c elementor-widget elementor-widget-text-editor\" data-id=\"d86e92c\" data-element_type=\"widget\" data-widget_type=\"text-editor.default\">\n\t\t\t\t<div class=\"elementor-widget-container\">\n\t\t\t\t\t\t\t<p>Einen gro\u00dfen Teil unseres Lebens verbringen wir in der K\u00fcche, und in vielen Wohnungen ist sie zum Wohnzimmer hin offen gestaltet. Deshalb muss gerade dieser Raum vielen Anforderungen gerecht werden. Es gibt nichts Sch\u00f6neres, als wenn die spezifisch f\u00fcr einen Kunden entworfene K\u00fcche ganz und gar seinen Erwartungen entspricht.<\/p><p>Wenn du deine K\u00fcche renovieren m\u00f6chtest, kann ich eine Skizze anfertigen, damit du eine ungef\u00e4hre Vorstellung davon bekommst, wie der neue Raum aussehen wird. In meinem Studio k\u00f6nnen alle Oberfl\u00e4chen angesehen werden und ich kann dir viele Ideen geben.<\/p>\t\t\t\t\t\t<\/div>\n\t\t\t\t<\/div>\n\t\t\t\t<\/div>\n\t\t\t\t\t<\/div>\n\t\t\t\t<\/div>\n\t\t\t\t<\/div>\n\t\t<div class=\"elementor-element elementor-element-3954a38 e-con-full e-flex e-con e-parent\" data-id=\"3954a38\" data-element_type=\"container\" data-settings=\"{&quot;background_background&quot;:&quot;classic&quot;}\">\n\t\t\t\t<div class=\"elementor-element elementor-element-e80b1e3 elementor-widget elementor-widget-heading\" data-id=\"e80b1e3\" data-element_type=\"widget\" data-widget_type=\"heading.default\">\n\t\t\t\t<div class=\"elementor-widget-container\">\n\t\t\t<div class=\"elementor-heading-title elementor-size-default\">Komm einfach in mein Studio, erz\u00e4hle mir von deinem Projekt und ich werde dir erkl\u00e4ren, wie wir es umsetzen k\u00f6nnen.<\/div>\t\t<\/div>\n\t\t\t\t<\/div>\n\t\t\t\t<div class=\"elementor-element elementor-element-a432e77 elementor-align-center elementor-widget__width-inherit elementor-widget elementor-widget-button\" data-id=\"a432e77\" data-element_type=\"widget\" data-widget_type=\"button.default\">\n\t\t\t\t<div class=\"elementor-widget-container\">\n\t\t\t\t\t\t\t<div class=\"elementor-button-wrapper\">\n\t\t\t\t\t<a class=\"elementor-button elementor-button-link elementor-size-sm\" href=\"https:\/\/ainavalles.com\/de\/kontakt\">\n\t\t\t\t\t\t<span class=\"elementor-button-content-wrapper\">\n\t\t\t\t\t\t\t\t\t<span class=\"elementor-button-text\">Kontaktiere mich<\/span>\n\t\t\t\t\t<\/span>\n\t\t\t\t\t<\/a>\n\t\t\t\t<\/div>\n\t\t\t\t\t\t<\/div>\n\t\t\t\t<\/div>\n\t\t\t\t<div class=\"elementor-element elementor-element-2bff97b elementor-widget elementor-widget-spacer\" data-id=\"2bff97b\" data-element_type=\"widget\" data-widget_type=\"spacer.default\">\n\t\t\t\t<div class=\"elementor-widget-container\">\n\t\t\t\t\t<div class=\"elementor-spacer\">\n\t\t\t<div class=\"elementor-spacer-inner\"><\/div>\n\t\t<\/div>\n\t\t\t\t<\/div>\n\t\t\t\t<\/div>\n\t\t\t\t<\/div>\n\t\t\t\t<\/div>\n\t\t","protected":false},"excerpt":{"rendered":"<p>Welches sind deine Bed\u00fcrfnisse? Ich bin Spezialistin f\u00fcr M\u00f6bel, die dir dabei helfen, Raum und Ordnung zu schaffen. Jedes M\u00f6belst\u00fcckhat seinen Platz Dank meiner Erfahrung mit vielen Fachleuten im Bereich der Innenarchitektur habe ich gelernt, dass es in einem Raum nicht nur auf die M\u00f6belverteilung ankommt. Man muss auch den Zweck jedes M\u00f6belst\u00fccks ber\u00fccksichtigen und [&hellip;]<\/p>\n","protected":false},"author":1,"featured_media":0,"parent":0,"menu_order":0,"comment_status":"closed","ping_status":"closed","template":"elementor_header_footer","meta":{"_acf_changed":false,"footnotes":""},"class_list":["post-3196","page","type-page","status-publish","hentry"],"acf":[],"yoast_head":"<!-- This site is optimized with the Yoast SEO plugin v26.8 - https:\/\/yoast.com\/product\/yoast-seo-wordpress\/ -->\n<title>M\u00f6bel, Platz und Ordnung schaffen | AINA VALL\u00c9S<\/title>\n<meta name=\"description\" content=\"Es ist wichtig, ein optisch organisiertes Zuhause zu entwerfen, das praktisch und leicht zu pflegen ist. Ordnung steht an erster Stelle.\" \/>\n<meta name=\"robots\" content=\"index, follow, max-snippet:-1, max-image-preview:large, max-video-preview:-1\" \/>\n<link rel=\"canonical\" href=\"https:\/\/ainavalles.com\/de\/moebel\/\" \/>\n<meta property=\"og:locale\" content=\"de_DE\" \/>\n<meta property=\"og:type\" content=\"article\" \/>\n<meta property=\"og:title\" content=\"M\u00f6bel, Platz und Ordnung schaffen | AINA VALL\u00c9S\" \/>\n<meta property=\"og:description\" content=\"Es ist wichtig, ein optisch organisiertes Zuhause zu entwerfen, das praktisch und leicht zu pflegen ist. Ordnung steht an erster Stelle.\" \/>\n<meta property=\"og:url\" content=\"https:\/\/ainavalles.com\/de\/moebel\/\" \/>\n<meta property=\"og:site_name\" content=\"Aina Vall\u00e8s\" \/>\n<meta property=\"article:publisher\" content=\"https:\/\/www.facebook.com\/people\/Aina-Valls\/100090582199736\/\" \/>\n<meta property=\"article:modified_time\" content=\"2025-05-28T11:23:30+00:00\" \/>\n<meta name=\"twitter:card\" content=\"summary_large_image\" \/>\n<meta name=\"twitter:label1\" content=\"Gesch\u00e4tzte Lesezeit\" \/>\n\t<meta name=\"twitter:data1\" content=\"2\u00a0Minuten\" \/>\n<script type=\"application\/ld+json\" class=\"yoast-schema-graph\">{\"@context\":\"https:\/\/schema.org\",\"@graph\":[{\"@type\":\"WebPage\",\"@id\":\"https:\/\/ainavalles.com\/de\/moebel\/\",\"url\":\"https:\/\/ainavalles.com\/de\/moebel\/\",\"name\":\"M\u00f6bel, Platz und Ordnung schaffen | AINA VALL\u00c9S\",\"isPartOf\":{\"@id\":\"https:\/\/ainavalles.com\/#website\"},\"primaryImageOfPage\":{\"@id\":\"https:\/\/ainavalles.com\/de\/moebel\/#primaryimage\"},\"image\":{\"@id\":\"https:\/\/ainavalles.com\/de\/moebel\/#primaryimage\"},\"thumbnailUrl\":\"https:\/\/ainavalles.com\/wp-content\/uploads\/2023\/09\/PIDE-CITA-AINA-VALLES-texto.svg\",\"datePublished\":\"2023-09-18T08:28:20+00:00\",\"dateModified\":\"2025-05-28T11:23:30+00:00\",\"description\":\"Es ist wichtig, ein optisch organisiertes Zuhause zu entwerfen, das praktisch und leicht zu pflegen ist. Ordnung steht an erster Stelle.\",\"breadcrumb\":{\"@id\":\"https:\/\/ainavalles.com\/de\/moebel\/#breadcrumb\"},\"inLanguage\":\"de\",\"potentialAction\":[{\"@type\":\"ReadAction\",\"target\":[\"https:\/\/ainavalles.com\/de\/moebel\/\"]}]},{\"@type\":\"ImageObject\",\"inLanguage\":\"de\",\"@id\":\"https:\/\/ainavalles.com\/de\/moebel\/#primaryimage\",\"url\":\"https:\/\/ainavalles.com\/wp-content\/uploads\/2023\/09\/PIDE-CITA-AINA-VALLES-texto.svg\",\"contentUrl\":\"https:\/\/ainavalles.com\/wp-content\/uploads\/2023\/09\/PIDE-CITA-AINA-VALLES-texto.svg\"},{\"@type\":\"BreadcrumbList\",\"@id\":\"https:\/\/ainavalles.com\/de\/moebel\/#breadcrumb\",\"itemListElement\":[{\"@type\":\"ListItem\",\"position\":1,\"name\":\"Portada\",\"item\":\"https:\/\/ainavalles.com\/de\/\"},{\"@type\":\"ListItem\",\"position\":2,\"name\":\"M\u00f6bel\"}]},{\"@type\":\"WebSite\",\"@id\":\"https:\/\/ainavalles.com\/#website\",\"url\":\"https:\/\/ainavalles.com\/\",\"name\":\"Aina Vall\u00e8s\",\"description\":\"Interiorismo en Mallorca\",\"publisher\":{\"@id\":\"https:\/\/ainavalles.com\/#organization\"},\"potentialAction\":[{\"@type\":\"SearchAction\",\"target\":{\"@type\":\"EntryPoint\",\"urlTemplate\":\"https:\/\/ainavalles.com\/?s={search_term_string}\"},\"query-input\":{\"@type\":\"PropertyValueSpecification\",\"valueRequired\":true,\"valueName\":\"search_term_string\"}}],\"inLanguage\":\"de\"},{\"@type\":\"Organization\",\"@id\":\"https:\/\/ainavalles.com\/#organization\",\"name\":\"Aina Vall\u00e8s\",\"url\":\"https:\/\/ainavalles.com\/\",\"logo\":{\"@type\":\"ImageObject\",\"inLanguage\":\"de\",\"@id\":\"https:\/\/ainavalles.com\/#\/schema\/logo\/image\/\",\"url\":\"https:\/\/ainavalles.com\/wp-content\/uploads\/2023\/09\/logo.svg\",\"contentUrl\":\"https:\/\/ainavalles.com\/wp-content\/uploads\/2023\/09\/logo.svg\",\"width\":300,\"height\":244,\"caption\":\"Aina Vall\u00e8s\"},\"image\":{\"@id\":\"https:\/\/ainavalles.com\/#\/schema\/logo\/image\/\"},\"sameAs\":[\"https:\/\/www.facebook.com\/people\/Aina-Valls\/100090582199736\/\",\"https:\/\/www.instagram.com\/aina_valles\/\"]}]}<\/script>\n<!-- \/ Yoast SEO plugin. -->","yoast_head_json":{"title":"M\u00f6bel, Platz und Ordnung schaffen | AINA VALL\u00c9S","description":"Es ist wichtig, ein optisch organisiertes Zuhause zu entwerfen, das praktisch und leicht zu pflegen ist. Ordnung steht an erster Stelle.","robots":{"index":"index","follow":"follow","max-snippet":"max-snippet:-1","max-image-preview":"max-image-preview:large","max-video-preview":"max-video-preview:-1"},"canonical":"https:\/\/ainavalles.com\/de\/moebel\/","og_locale":"de_DE","og_type":"article","og_title":"M\u00f6bel, Platz und Ordnung schaffen | AINA VALL\u00c9S","og_description":"Es ist wichtig, ein optisch organisiertes Zuhause zu entwerfen, das praktisch und leicht zu pflegen ist. Ordnung steht an erster Stelle.","og_url":"https:\/\/ainavalles.com\/de\/moebel\/","og_site_name":"Aina Vall\u00e8s","article_publisher":"https:\/\/www.facebook.com\/people\/Aina-Valls\/100090582199736\/","article_modified_time":"2025-05-28T11:23:30+00:00","twitter_card":"summary_large_image","twitter_misc":{"Gesch\u00e4tzte Lesezeit":"2\u00a0Minuten"},"schema":{"@context":"https:\/\/schema.org","@graph":[{"@type":"WebPage","@id":"https:\/\/ainavalles.com\/de\/moebel\/","url":"https:\/\/ainavalles.com\/de\/moebel\/","name":"M\u00f6bel, Platz und Ordnung schaffen | AINA VALL\u00c9S","isPartOf":{"@id":"https:\/\/ainavalles.com\/#website"},"primaryImageOfPage":{"@id":"https:\/\/ainavalles.com\/de\/moebel\/#primaryimage"},"image":{"@id":"https:\/\/ainavalles.com\/de\/moebel\/#primaryimage"},"thumbnailUrl":"https:\/\/ainavalles.com\/wp-content\/uploads\/2023\/09\/PIDE-CITA-AINA-VALLES-texto.svg","datePublished":"2023-09-18T08:28:20+00:00","dateModified":"2025-05-28T11:23:30+00:00","description":"Es ist wichtig, ein optisch organisiertes Zuhause zu entwerfen, das praktisch und leicht zu pflegen ist. Ordnung steht an erster Stelle.","breadcrumb":{"@id":"https:\/\/ainavalles.com\/de\/moebel\/#breadcrumb"},"inLanguage":"de","potentialAction":[{"@type":"ReadAction","target":["https:\/\/ainavalles.com\/de\/moebel\/"]}]},{"@type":"ImageObject","inLanguage":"de","@id":"https:\/\/ainavalles.com\/de\/moebel\/#primaryimage","url":"https:\/\/ainavalles.com\/wp-content\/uploads\/2023\/09\/PIDE-CITA-AINA-VALLES-texto.svg","contentUrl":"https:\/\/ainavalles.com\/wp-content\/uploads\/2023\/09\/PIDE-CITA-AINA-VALLES-texto.svg"},{"@type":"BreadcrumbList","@id":"https:\/\/ainavalles.com\/de\/moebel\/#breadcrumb","itemListElement":[{"@type":"ListItem","position":1,"name":"Portada","item":"https:\/\/ainavalles.com\/de\/"},{"@type":"ListItem","position":2,"name":"M\u00f6bel"}]},{"@type":"WebSite","@id":"https:\/\/ainavalles.com\/#website","url":"https:\/\/ainavalles.com\/","name":"Aina Vall\u00e8s","description":"Interiorismo en Mallorca","publisher":{"@id":"https:\/\/ainavalles.com\/#organization"},"potentialAction":[{"@type":"SearchAction","target":{"@type":"EntryPoint","urlTemplate":"https:\/\/ainavalles.com\/?s={search_term_string}"},"query-input":{"@type":"PropertyValueSpecification","valueRequired":true,"valueName":"search_term_string"}}],"inLanguage":"de"},{"@type":"Organization","@id":"https:\/\/ainavalles.com\/#organization","name":"Aina Vall\u00e8s","url":"https:\/\/ainavalles.com\/","logo":{"@type":"ImageObject","inLanguage":"de","@id":"https:\/\/ainavalles.com\/#\/schema\/logo\/image\/","url":"https:\/\/ainavalles.com\/wp-content\/uploads\/2023\/09\/logo.svg","contentUrl":"https:\/\/ainavalles.com\/wp-content\/uploads\/2023\/09\/logo.svg","width":300,"height":244,"caption":"Aina Vall\u00e8s"},"image":{"@id":"https:\/\/ainavalles.com\/#\/schema\/logo\/image\/"},"sameAs":["https:\/\/www.facebook.com\/people\/Aina-Valls\/100090582199736\/","https:\/\/www.instagram.com\/aina_valles\/"]}]}},"_links":{"self":[{"href":"https:\/\/ainavalles.com\/de\/wp-json\/wp\/v2\/pages\/3196","targetHints":{"allow":["GET"]}}],"collection":[{"href":"https:\/\/ainavalles.com\/de\/wp-json\/wp\/v2\/pages"}],"about":[{"href":"https:\/\/ainavalles.com\/de\/wp-json\/wp\/v2\/types\/page"}],"author":[{"embeddable":true,"href":"https:\/\/ainavalles.com\/de\/wp-json\/wp\/v2\/users\/1"}],"replies":[{"embeddable":true,"href":"https:\/\/ainavalles.com\/de\/wp-json\/wp\/v2\/comments?post=3196"}],"version-history":[{"count":4,"href":"https:\/\/ainavalles.com\/de\/wp-json\/wp\/v2\/pages\/3196\/revisions"}],"predecessor-version":[{"id":3208,"href":"https:\/\/ainavalles.com\/de\/wp-json\/wp\/v2\/pages\/3196\/revisions\/3208"}],"wp:attachment":[{"href":"https:\/\/ainavalles.com\/de\/wp-json\/wp\/v2\/media?parent=3196"}],"curies":[{"name":"wp","href":"https:\/\/api.w.org\/{rel}","templated":true}]}}